{"id":1042,"date":"2024-05-15T15:19:45","date_gmt":"2024-05-15T15:19:45","guid":{"rendered":"https:\/\/brandliebe.com\/datenschutzrichtlinie\/"},"modified":"2024-06-13T15:18:40","modified_gmt":"2024-06-13T15:18:40","slug":"datenschutzrichtlinie","status":"publish","type":"page","link":"https:\/\/brandliebe.com\/de\/datenschutzrichtlinie\/","title":{"rendered":"Datenschutzrichtlinie"},"content":{"rendered":"\n<p>In \u00dcbereinstimmung mit den Bestimmungen des Bundesgesetzes \u00fcber den Schutz personenbezogener Daten von Privatpersonen wird dieser PRIVACY NOTICE in den folgenden Bedingungen zur Verf\u00fcgung gestellt:<\/p>\n\n<p>Verantwortlich f\u00fcr die Verwendung und den Schutz von personenbezogenen Daten:<br\/>Er hei\u00dft Carlos Alberto Barraza L\u00f3pez und hat die Adresse Calle 17 #1327, in Agua Prieta Center, Sonora, Postleitzahl 84269. Unter der oben genannten Adresse befindet sich unsere Abteilung f\u00fcr pers\u00f6nliche Daten, die f\u00fcr die Bearbeitung der Anfragen der Schlagzeilen verantwortlich ist.<\/p>\n\n<p>Angeforderte Daten<br\/>Die erhobenen personenbezogenen Daten sind: Vollst\u00e4ndiger Name, Geburtsdatum, Geschlecht, Adresse, Kontakttelefonnummern, Bundessteuerregister, Anschrift, E-Mail, Informationen \u00fcber Zahlungsmittel (Bank-, Kredit- oder Debitkarten), die Sie pers\u00f6nlich oder durch andere elektronische, optische, akustische, visuelle Mittel oder durch andere Technologien zur Verf\u00fcgung stellen.<\/p>\n\n<p>Die Erhebung der Daten durch Carlos Alberto Barraza L\u00f3pez erfolgt in gutem Glauben und aus diesem Grund wird davon ausgegangen, dass sie wahr, korrekt und vollst\u00e4ndig sind und den Eigent\u00fcmer identifizieren, der sie liefert und \/ oder zur Verf\u00fcgung stellt, so dass es in der Verantwortung des Eigent\u00fcmers liegt, dass die Daten, die er Carlos Alberto Barraza L\u00f3pez zur Verf\u00fcgung stellt, mit diesen Eigenschaften \u00fcbereinstimmen und nach Bedarf aktualisiert werden. Ebenso beh\u00e4lt sich Carlos Alberto Barraza L\u00f3pez das Recht vor, im Falle einer Datenf\u00e4lschung die ihm angemessen erscheinenden Ma\u00dfnahmen zu ergreifen.<\/p>\n\n<p>Sensible pers\u00f6nliche Daten:<br\/>Carlos Alberto Barraza L\u00f3pez sammelt keine sensiblen pers\u00f6nlichen Daten.<\/p>\n\n<p>Zwecke der Datenverarbeitung:<br\/>Die personenbezogenen Daten, die Carlos Alberto Barraza L\u00f3pez erhebt, sind notwendig und werden zur Erf\u00fcllung des gegenw\u00e4rtigen oder zuk\u00fcnftigen Rechtsverh\u00e4ltnisses verwendet, und zwar f\u00fcr folgende Zwecke:<\/p>\n\n<p>Liefern Sie die vertraglich vereinbarte Ware oder Dienstleistung.<br\/>\u00dcberwachung der Gesch\u00e4ftsbeziehung und ggf. der aufgetretenen Probleme bei Bestellungen und \/ oder Lieferungen von Artikeln.<br\/>Einhaltung der zum Zeitpunkt des Kaufs und \/ oder der Vertragsunterzeichnung festgelegten Bedingungen. Ebenso k\u00f6nnen Ihre pers\u00f6nlichen Daten f\u00fcr die unten aufgef\u00fchrten Zwecke verwendet werden, wobei zu beachten ist, dass Sie \u00fcber eine Frist von 5 Tagen verf\u00fcgen, um Ihre Ablehnung der Behandlung dieser Daten zum Ausdruck zu bringen:<br\/>Machen Sie unsere Promotionen bekannt<br\/>Informationen \u00fcber die verschiedenen Artikel, Produkte, die wir verkaufen, bereitstellen<br\/>Erf\u00fcllen Sie die gesetzlichen Anforderungen der zust\u00e4ndigen Beh\u00f6rden.<br\/>Verwendung, Einschr\u00e4nkung und Offenlegung:<br\/>Alle pers\u00f6nlichen Daten werden nach den Regeln der Vertraulichkeit behandelt, wobei Sie als Inhaber derselben das Recht auf Einschr\u00e4nkung der Nutzung und Weitergabe haben, sowie Ihre Zustimmung widerrufen k\u00f6nnen, was sie nach dem Verfahren, das im Dokument, das sich am Ende dieses Datenschutzhinweises befindet, g\u00fcltig machen kann.<\/p>\n\n<p>ARCO-Rechte (Zugang, Berichtigung, L\u00f6schung und Widerspruch)<br\/>Sie haben das Recht, auf die von uns gespeicherten personenbezogenen Daten zuzugreifen, sie zu berichtigen, wenn sie ungenau oder unvollst\u00e4ndig sind, sie zu l\u00f6schen, wenn Sie der Meinung sind, dass sie f\u00fcr keinen der in dieser Datenschutzerkl\u00e4rung angegebenen Zwecke erforderlich sind, sich der Behandlung zu widersetzen, wobei Sie die Daten gem\u00e4\u00df dem im Dokument am Ende dieser Datenschutzerkl\u00e4rung angegebenen Verfahren g\u00fcltig machen k\u00f6nnen.<\/p>\n\n<p>Daten\u00fcbertragung<br\/>Carlos Alberto Barraza L\u00f3pez kann Ihre personenbezogenen Daten an seine verbundenen Unternehmen oder Tochtergesellschaften, die mit der Marke &#8222;BrandLiebe&#8220; identifiziert oder assoziiert sind, sowie an autorisierte H\u00e4ndler und\/oder Drittdienstleister, mit denen er in einem Rechtsverh\u00e4ltnis steht, sowie an in- oder ausl\u00e4ndische Dritte weitergeben, um einen der oben genannten Zwecke zu erf\u00fcllen. Dritte und Empf\u00e4nger von personenbezogenen Daten haben die gleichen Verpflichtungen und\/oder Verantwortlichkeiten wie Carlos Alberto Barraza L\u00f3pez gem\u00e4\u00df den Bestimmungen dieser Datenschutzerkl\u00e4rung.<\/p>\n\n<p>Wenn Sie die \u00dcbermittlung Ihrer personenbezogenen Daten nicht ausdr\u00fccklich ablehnen, wird davon ausgegangen, dass Sie Ihre stillschweigende und ausdr\u00fcckliche Zustimmung dazu gegeben haben. Ich bin nicht damit einverstanden, dass meine pers\u00f6nlichen Daten \u00fcbertragen werden.<\/p>\n\n<p>Schutz<br\/>Die Sicherheit und Vertraulichkeit der Daten, die der Benutzer bei der Beauftragung einer Dienstleistung oder beim Online-Kauf eines Produkts angibt, wird durch einen sicheren Server unter dem Secure Socket Layer (SSL)-Protokoll gesch\u00fctzt, so dass die gesendeten Daten zu Ihrer Sicherheit verschl\u00fcsselt \u00fcbertragen werden. Um zu \u00fcberpr\u00fcfen, ob Sie sich in einer gesch\u00fctzten Umgebung befinden, stellen Sie sicher, dass bei der Anmeldung ein S in der Navigationsleiste erscheint. Beispiel: https: \/\/ Jedoch kann der Schutz von Daten, die \u00fcber das Internet versendet werden, trotz immer sicherer werdender Tools nicht zu 100 Prozent garantiert werden, so dass nach dem Empfang alles f\u00fcr die Sicherung der Informationen getan wird.<\/p>\n\n<p>Es ist \u00e4u\u00dferst wichtig, dass Ihre wichtigsten pers\u00f6nlichen Daten, wie z. B. Ihre Kreditkartennummer und Ihr Passwort, an einem sicheren Ort aufbewahrt und nicht an Dritte weitergegeben werden. Beenden Sie ebenfalls immer Ihre Sitzung und schlie\u00dfen Sie den Browser, wenn Sie Ihre Eink\u00e4ufe auf www.brandliebe.com abgeschlossen haben. Auf diese Weise verhindern Sie, dass Dritte Zugang zu Ihren pers\u00f6nlichen Daten haben und Bestellungen in Ihrem Namen aufgeben k\u00f6nnen. Dies ist besonders wichtig, wenn Sie an einem \u00f6ffentlichen Computer surfen.<\/p>\n\n<p>Verwendung von Cookies<br\/>Cookies sind Informationen, die auf der Festplatte des Besuchers einer Webseite durch dessen Browser gespeichert werden. Sie werden verwendet, um die Pr\u00e4ferenzen der Benutzer zu ermitteln, die auf das elektronische Portal (www.brandliebe.com) zugreifen, sowie um bestimmte Verhaltensweisen oder Aktivit\u00e4ten zu verfolgen. Cookies erm\u00f6glichen es, Benutzer wiederzuerkennen, die von ihnen gew\u00e4hlte Bandbreite zu erkennen, die wichtigsten Informationen zu identifizieren, die Gr\u00f6\u00dfe des Publikums zu berechnen und einige Verkehrsparameter zu messen.<\/p>\n\n<p>Es ist m\u00f6glich, dass Sie die Speicherung eines Cookies auf Ihrem Computer ablehnen, indem Sie Ihren Browser so einstellen, dass er diese l\u00f6scht oder Sie benachrichtigt, wenn ein Cookie abgelegt werden soll, oder dass er diese automatisch blockiert.<\/p>\n\n<p>Den elektronischen Newsletter abbestellen<br\/>Benutzer, die sich f\u00fcr den elektronischen Newsletter angemeldet haben, k\u00f6nnen maximal 4 E-Mails pro Woche erhalten. Benutzer, die unseren elektronischen Newsletter nicht mehr erhalten m\u00f6chten, k\u00f6nnen auf den Link &#8222;Abbestellen&#8220; klicken, der in alle von brandliebe.com versandten elektronischen Newsletter integriert ist, um keine weiteren Nachrichten mehr zu erhalten.<\/p>\n\n<p>Akzeptanz und Widerruf der Zustimmung<br\/>Wenn Sie sich nicht gegen die Verarbeitung und \/ oder \u00dcbermittlung Ihrer personenbezogenen Daten gem\u00e4\u00df den festgelegten Zwecken aussprechen, wird davon ausgegangen, dass Sie Ihre stillschweigende Zustimmung dazu gegeben haben. Ebenso werden Sie dar\u00fcber informiert, dass Sie die in dieser Mitteilung erteilte Zustimmung jederzeit widerrufen k\u00f6nnen, wobei Sie das im Dokument am Ende dieser Datenschutzmitteilung angegebene Verfahren durchf\u00fchren m\u00fcssen.<\/p>\n\n<p>\u00c4nderungen des Datenschutzhinweises<br\/>Diese Datenschutzerkl\u00e4rung kann jederzeit von Carlos Alberto Barraza L\u00f3pez ge\u00e4ndert werden, und diese \u00c4nderungen werden auf unserer Website www.brandliebe.com bekannt gegeben.<\/p>\n\n<p>Kontaktdaten des Kundendienstes<br\/>Tel. (633) 1212137<\/p>\n\n<p>Email: carlos@barrazaenterprises.com<\/p>\n\n<p>Datum der letzten Aktualisierung 04\/06\/2024<\/p>\n\n<p>Beh\u00f6rde<br\/>Wenn der Benutzer der Meinung ist, dass seine Rechte in Bezug auf den Schutz personenbezogener Daten verletzt wurden, hat er das Recht, sich an die entsprechende Beh\u00f6rde zu wenden, um deren Aus\u00fcbung zu verteidigen. Die Beh\u00f6rde ist das Nationale Institut f\u00fcr Transparenz, Zugang zu Informationen und Schutz pers\u00f6nlicher Daten (INAI), seine Website lautet: www.inai.org.mx.<\/p>\n","protected":false},"excerpt":{"rendered":"<p>In \u00dcbereinstimmung mit den Bestimmungen des Bundesgesetzes \u00fcber den Schutz personenbezogener Daten von Privatpersonen wird dieser PRIVACY NOTICE in den folgenden Bedingungen zur Verf\u00fcgung gestellt: Verantwortlich f\u00fcr die Verwendung und den Schutz von personenbezogenen Daten:Er hei\u00dft Carlos Alberto Barraza L\u00f3pez und hat die Adresse Calle 17 #1327, in Agua Prieta Center, Sonora, Postleitzahl 84269. Unter [&hellip;]<\/p>\n","protected":false},"author":1,"featured_media":1043,"parent":0,"menu_order":0,"comment_status":"closed","ping_status":"open","template":"","meta":{"footnotes":""},"class_list":["post-1042","page","type-page","status-publish","has-post-thumbnail","hentry"],"_links":{"self":[{"href":"https:\/\/brandliebe.com\/de\/wp-json\/wp\/v2\/pages\/1042","targetHints":{"allow":["GET"]}}],"collection":[{"href":"https:\/\/brandliebe.com\/de\/wp-json\/wp\/v2\/pages"}],"about":[{"href":"https:\/\/brandliebe.com\/de\/wp-json\/wp\/v2\/types\/page"}],"author":[{"embeddable":true,"href":"https:\/\/brandliebe.com\/de\/wp-json\/wp\/v2\/users\/1"}],"replies":[{"embeddable":true,"href":"https:\/\/brandliebe.com\/de\/wp-json\/wp\/v2\/comments?post=1042"}],"version-history":[{"count":1,"href":"https:\/\/brandliebe.com\/de\/wp-json\/wp\/v2\/pages\/1042\/revisions"}],"predecessor-version":[{"id":1044,"href":"https:\/\/brandliebe.com\/de\/wp-json\/wp\/v2\/pages\/1042\/revisions\/1044"}],"wp:featuredmedia":[{"embeddable":true,"href":"https:\/\/brandliebe.com\/de\/wp-json\/wp\/v2\/media\/1043"}],"wp:attachment":[{"href":"https:\/\/brandliebe.com\/de\/wp-json\/wp\/v2\/media?parent=1042"}],"curies":[{"name":"wp","href":"https:\/\/api.w.org\/{rel}","templated":true}]}}