{"id":779,"date":"2024-05-15T15:19:45","date_gmt":"2024-05-15T15:19:45","guid":{"rendered":"https:\/\/brandliebe.com\/politica-de-privacidad\/"},"modified":"2024-06-04T15:08:14","modified_gmt":"2024-06-04T15:08:14","slug":"politica-de-privacidad","status":"publish","type":"page","link":"https:\/\/brandliebe.com\/es\/politica-de-privacidad\/","title":{"rendered":"Pol\u00edtica de Privacidad"},"content":{"rendered":"\n<p>De conformidad con lo dispuesto en la Ley Federal de Protecci\u00f3n de Datos Personales en poder de particulares, el presente AVISO DE PRIVACIDAD se pone a disposici\u00f3n en los siguientes t\u00e9rminos:<\/p>\n\n<p>Responsable de la utilizaci\u00f3n y la protecci\u00f3n de los datos personales:<br\/>Es Carlos Alberto Barraza L\u00f3pez con domicilio en Calle 17 #1327, en el Centro de Agua Prieta, Sonora, C\u00f3digo Postal 84269. Nuestro Departamento de Datos Personales se encuentra en la direcci\u00f3n descrita anteriormente, que se encarga de tramitar las solicitudes de los titulares.<\/p>\n\n<p>Datos solicitados<br\/>Los datos personales recogidos son: Nombre completo, fecha de nacimiento, sexo, direcci\u00f3n, n\u00fameros de tel\u00e9fono de contacto, registro federal de contribuyentes, direcci\u00f3n, correo electr\u00f3nico, informaci\u00f3n sobre los m\u00e9todos de pago (tarjetas bancarias, de cr\u00e9dito o d\u00e9bito) que usted proporciona personalmente o por cualquier otro medio electr\u00f3nico, \u00f3ptico, sonoro, visual o a trav\u00e9s de cualquier otra tecnolog\u00eda.<\/p>\n\n<p>La recopilaci\u00f3n de datos realizada por Carlos Alberto Barraza L\u00f3pez es de buena fe y por ello presume que son verdaderos, correctos, completos e identifican al propietario que los suministra y\/o facilita, por lo que es responsabilidad de \u00e9ste que los datos que facilite a Carlos Alberto Barraza L\u00f3pez cumplan con dichas caracter\u00edsticas y se actualicen cuando sea necesario. Asimismo, Carlos Alberto Barraza L\u00f3pez se reserva el derecho de ejercer las acciones que considere oportunas en caso de falsificaci\u00f3n de datos.<\/p>\n\n<p>Datos personales sensibles:<br\/>Carlos Alberto Barraza L\u00f3pez no recoge datos personales sensibles.<\/p>\n\n<p>Prop\u00f3sitos del procesamiento de datos:<br\/>Los datos personales que Carlos Alberto Barraza L\u00f3pez recaba son necesarios y se utilizan para cumplir con la relaci\u00f3n jur\u00eddica presente o futura, siendo para los siguientes fines:<\/p>\n\n<p>Proporcionar el bien o servicio contratado.<br\/>Seguimiento de la relaci\u00f3n comercial y, en su caso, de cualquier problema que haya surgido en relaci\u00f3n con los pedidos y\/o la entrega de art\u00edculos.<br\/>Cumplimiento de los t\u00e9rminos y condiciones estipulados en el momento de la compra y\/o firma del contrato. Asimismo, sus datos personales pueden ser utilizados para los fines que se indican a continuaci\u00f3n, cabe se\u00f1alar que dispone de un plazo de 5 d\u00edas para manifestar su negativa a tratarlos:<br\/>Dar a conocer nuestras promociones<br\/>Proporcionar informaci\u00f3n sobre los diversos art\u00edculos, productos que vendemos<br\/>Cumplir los requisitos legales de las autoridades competentes.<br\/>Uso, limitaci\u00f3n y divulgaci\u00f3n:<br\/>Todos los datos personales son tratados bajo normas de confidencialidad, siendo que usted como propietario de los mismos tiene derecho a la limitaci\u00f3n de uso y divulgaci\u00f3n, as\u00ed como a revocar su consentimiento, lo que puede hacerlos v\u00e1lidos seg\u00fan el procedimiento indicado en el documento que se encuentra al final de este aviso de privacidad.<\/p>\n\n<p>Derechos ARCO (Acceso, Rectificaci\u00f3n, Cancelaci\u00f3n y Oposici\u00f3n)<br\/>Usted tiene derecho a acceder a los datos personales que tenemos, as\u00ed como a rectificarlos si son inexactos o incompletos, cancelarlos cuando considere que no son necesarios para ninguno de los fines indicados en esta nota de privacidad, oponerse al tratamiento, pudiendo hacerlos v\u00e1lidos seg\u00fan el procedimiento indicado en el documento al final de esta nota de privacidad.<\/p>\n\n<p>Transferencia de datos<br\/>Carlos Alberto Barraza L\u00f3pez podr\u00e1 transferir tus datos personales a sus filiales o subsidiarias que se identifiquen o asocien con la marca &#8220;BrandLiebe&#8221;, as\u00ed como a distribuidores autorizados y\/o terceros prestadores de servicios con los que tenga una relaci\u00f3n jur\u00eddica, as\u00ed como a Terceros Nacionales o Extranjeros, lo anterior para cumplir con cualquiera de las finalidades antes mencionadas. Los terceros y los destinatarios de los datos personales tienen las mismas obligaciones y\/o responsabilidades que Carlos Alberto Barraza L\u00f3pez de conformidad con lo dispuesto en el presente aviso de privacidad.<\/p>\n\n<p>Si no expresa su negativa a que se transfieran sus datos personales, se entender\u00e1 que ha dado su consentimiento t\u00e1cito y expreso para ello. No doy mi consentimiento para que mis datos personales sean transferidos.<\/p>\n\n<p>Protecci\u00f3n<br\/>La seguridad y la confidencialidad de los datos que los usuarios proporcionan al contratar un servicio o comprar un producto en l\u00ednea estar\u00e1n protegidos por un servidor seguro bajo el protocolo de Capa de Conexi\u00f3n Segura (SSL), de manera que los datos enviados se transmitir\u00e1n cifrados para garantizar su salvaguarda. Para verificar que se encuentra en un entorno protegido, aseg\u00farese de que cuando inicie sesi\u00f3n, aparezca una S en la barra de navegaci\u00f3n. Ejemplo: https: \/\/ Sin embargo, y a pesar de contar con herramientas cada vez m\u00e1s seguras, la protecci\u00f3n de los datos enviados por Internet no puede garantizarse al 100%, por lo que una vez recibidos se har\u00e1 todo lo posible por salvaguardar la informaci\u00f3n.<\/p>\n\n<p>Es extremadamente importante que la informaci\u00f3n personal clave, como el n\u00famero de la tarjeta de cr\u00e9dito y la contrase\u00f1a, se mantenga en un lugar seguro y no se comparta con nadie. Asimismo, finaliza siempre tu sesi\u00f3n y cierra el navegador cuando termines tus compras en www.brandliebe.com, de esta forma evitar\u00e1s que terceros tengan acceso a realizar cambios en tu informaci\u00f3n personal y hagan pedidos en tu nombre. Esto es especialmente prioritario si est\u00e1s navegando en un ordenador p\u00fablico.<\/p>\n\n<p>Uso de Cookies<br\/>Las cookies son piezas de informaci\u00f3n que se almacenan en el disco duro del visitante de una p\u00e1gina web a trav\u00e9s de su navegador. Se utilizan para determinar las preferencias de los usuarios que acceden al portal electr\u00f3nico (www.brandliebe.com), as\u00ed como para realizar un seguimiento de determinados comportamientos o actividades. Las cookies permiten reconocer a los usuarios, detectar el ancho de banda que han seleccionado, identificar la informaci\u00f3n m\u00e1s importante, calcular el tama\u00f1o de la audiencia y medir algunos par\u00e1metros de tr\u00e1fico.<\/p>\n\n<p>Es posible que usted elija que no desea almacenar una cookie en su computadora configurando su navegador para que la elimine, o que le notifique cuando se vaya a depositar una cookie, o que la bloquee autom\u00e1ticamente.<\/p>\n\n<p>Cancelar la suscripci\u00f3n al bolet\u00edn electr\u00f3nico<br\/>Los usuarios registrados en el bolet\u00edn electr\u00f3nico pueden recibir un m\u00e1ximo de 4 correos electr\u00f3nicos por semana. Los usuarios que deseen dejar de recibir nuestro bolet\u00edn electr\u00f3nico pueden hacer clic en el enlace &#8220;Darse de baja&#8221;, integrado en todos los boletines electr\u00f3nicos enviados por brandliebe.com para no recibir futuros mensajes.<\/p>\n\n<p>Aceptaci\u00f3n y revocaci\u00f3n del consentimiento<br\/>Si no manifiesta su oposici\u00f3n al tratamiento y\/o cesi\u00f3n de sus datos personales de acuerdo con las finalidades establecidas, se entender\u00e1 que ha dado su consentimiento t\u00e1cito para ello. Asimismo, se le informa que en cualquier momento podr\u00e1 revocar el consentimiento otorgado en esta notificaci\u00f3n, siendo que deber\u00e1 realizar el procedimiento indicado en el documento al final de esta notificaci\u00f3n de privacidad.<\/p>\n\n<p>Cambios en el Aviso de Privacidad<br\/>El presente aviso de privacidad podr\u00e1 ser modificado en cualquier momento por Carlos Alberto Barraza L\u00f3pez, y dichas modificaciones ser\u00e1n notificadas a trav\u00e9s de nuestro sitio web www.brandliebe.com.<\/p>\n\n<p>Informaci\u00f3n de contacto del servicio de atenci\u00f3n al cliente<br\/>Tel. (633) 1212137<\/p>\n\n<p>Email: carlos@barrazaenterprises.com<\/p>\n\n<p>Fecha de la \u00faltima actualizaci\u00f3n 04\/06\/2024<\/p>\n\n<p>Autoridad<br\/>Si el usuario considera que se han violado sus derechos en materia de protecci\u00f3n de datos personales, tiene derecho a acudir a la autoridad correspondiente para defender su ejercicio. The authority is the National Institute of Transparency, Access to Information and Protection of Personal Data (INAI), its website is: www.inai.org.mx.<\/p>\n","protected":false},"excerpt":{"rendered":"<p>De conformidad con lo dispuesto en la Ley Federal de Protecci\u00f3n de Datos Personales en poder de particulares, el presente AVISO DE PRIVACIDAD se pone a disposici\u00f3n en los siguientes t\u00e9rminos: Responsable de la utilizaci\u00f3n y la protecci\u00f3n de los datos personales:Es Carlos Alberto Barraza L\u00f3pez con domicilio en Calle 17 #1327, en el Centro [&hellip;]<\/p>\n","protected":false},"author":1,"featured_media":773,"parent":0,"menu_order":0,"comment_status":"closed","ping_status":"open","template":"","meta":{"footnotes":""},"class_list":["post-779","page","type-page","status-publish","has-post-thumbnail","hentry"],"_links":{"self":[{"href":"https:\/\/brandliebe.com\/es\/wp-json\/wp\/v2\/pages\/779","targetHints":{"allow":["GET"]}}],"collection":[{"href":"https:\/\/brandliebe.com\/es\/wp-json\/wp\/v2\/pages"}],"about":[{"href":"https:\/\/brandliebe.com\/es\/wp-json\/wp\/v2\/types\/page"}],"author":[{"embeddable":true,"href":"https:\/\/brandliebe.com\/es\/wp-json\/wp\/v2\/users\/1"}],"replies":[{"embeddable":true,"href":"https:\/\/brandliebe.com\/es\/wp-json\/wp\/v2\/comments?post=779"}],"version-history":[{"count":1,"href":"https:\/\/brandliebe.com\/es\/wp-json\/wp\/v2\/pages\/779\/revisions"}],"predecessor-version":[{"id":780,"href":"https:\/\/brandliebe.com\/es\/wp-json\/wp\/v2\/pages\/779\/revisions\/780"}],"wp:featuredmedia":[{"embeddable":true,"href":"https:\/\/brandliebe.com\/es\/wp-json\/wp\/v2\/media\/773"}],"wp:attachment":[{"href":"https:\/\/brandliebe.com\/es\/wp-json\/wp\/v2\/media?parent=779"}],"curies":[{"name":"wp","href":"https:\/\/api.w.org\/{rel}","templated":true}]}}