{"id":1045,"date":"2024-05-15T15:19:45","date_gmt":"2024-05-15T15:19:45","guid":{"rendered":"https:\/\/brandliebe.com\/politique-de-confidentialite\/"},"modified":"2024-06-13T15:18:42","modified_gmt":"2024-06-13T15:18:42","slug":"politique-de-confidentialite","status":"publish","type":"page","link":"https:\/\/brandliebe.com\/fr\/politique-de-confidentialite\/","title":{"rendered":"Politique de confidentialit\u00e9"},"content":{"rendered":"\n<p>Conform\u00e9ment aux dispositions de la loi f\u00e9d\u00e9rale sur la protection des donn\u00e9es personnelles d\u00e9tenues par des parties priv\u00e9es, le pr\u00e9sent avis de confidentialit\u00e9 est mis \u00e0 disposition dans les termes suivants :<\/p>\n\n<p>Responsable de l&rsquo;utilisation et de la protection des donn\u00e9es personnelles :<br\/>Il s&rsquo;agit de Carlos Alberto Barraza L\u00f3pez, dont l&rsquo;adresse est Calle 17 #1327, dans le centre d&rsquo;Agua Prieta, Sonora, code postal 84269. Notre service des donn\u00e9es personnelles est situ\u00e9 \u00e0 l&rsquo;adresse d\u00e9crite ci-dessus, qui est responsable du traitement des demandes des Headlines.<\/p>\n\n<p>Donn\u00e9es demand\u00e9es<br\/>Les donn\u00e9es personnelles collect\u00e9es sont : Nom complet, date de naissance, sexe, adresse, num\u00e9ros de t\u00e9l\u00e9phone des personnes \u00e0 contacter, registre f\u00e9d\u00e9ral des contribuables, adresse, courriel, informations sur les m\u00e9thodes de paiement (cartes bancaires, de cr\u00e9dit ou de d\u00e9bit) que vous fournissez personnellement ou par tout autre moyen \u00e9lectronique, optique, sonore, visuel ou par toute autre technologie.<\/p>\n\n<p>La collecte de donn\u00e9es effectu\u00e9e par Carlos Alberto Barraza L\u00f3pez est de bonne foi et, pour cette raison, elle pr\u00e9sume qu&rsquo;elles sont vraies, correctes, compl\u00e8tes et identifient le propri\u00e9taire qui les fournit et\/ou les met \u00e0 disposition. Il est donc de la responsabilit\u00e9 du propri\u00e9taire que les donn\u00e9es qu&rsquo;il fournit \u00e0 Carlos Alberto Barraza L\u00f3pez soient conformes \u00e0 ces caract\u00e9ristiques et soient mises \u00e0 jour comme il se doit. De m\u00eame, Carlos Alberto Barraza L\u00f3pez se r\u00e9serve le droit d&rsquo;exercer les actions qu&rsquo;il juge appropri\u00e9es en cas de falsification des donn\u00e9es.<\/p>\n\n<p>Donn\u00e9es personnelles sensibles :<br\/>Carlos Alberto Barraza L\u00f3pez ne collecte pas de donn\u00e9es personnelles sensibles.<\/p>\n\n<p>Finalit\u00e9s du traitement des donn\u00e9es :Finalit\u00e9s du traitement des donn\u00e9es :<br\/>Les donn\u00e9es personnelles que Carlos Alberto Barraza L\u00f3pez recueille sont n\u00e9cessaires et utilis\u00e9es pour respecter la relation juridique actuelle ou future, \u00e0 savoir pour les finalit\u00e9s suivantes<\/p>\n\n<p>Fournir le bien ou le service contractuel.<br\/>Suivi de la relation d&rsquo;affaires et, le cas \u00e9ch\u00e9ant, de tout probl\u00e8me survenu concernant les commandes et\/ou la livraison des articles.<br\/>Respect des termes et conditions stipul\u00e9s au moment de l&rsquo;achat et\/ou de la signature du contrat. De m\u00eame, vos donn\u00e9es \u00e0 caract\u00e8re personnel peuvent \u00eatre utilis\u00e9es aux fins expos\u00e9es ci-dessous. Il convient de noter que vous disposez d&rsquo;un d\u00e9lai de 5 jours pour exprimer votre refus de les traiter :<br\/>Faire conna\u00eetre nos promotions<br\/>Fournir des informations concernant les diff\u00e9rents articles, produits que nous vendons<br\/>R\u00e9pondre aux exigences l\u00e9gales des autorit\u00e9s comp\u00e9tentes.<br\/>Utilisation, limitation et divulgation :<br\/>Toutes les donn\u00e9es personnelles sont trait\u00e9es conform\u00e9ment aux r\u00e8gles de confidentialit\u00e9, \u00e9tant donn\u00e9 que vous, en tant que propri\u00e9taire de ces donn\u00e9es, avez le droit de limiter leur utilisation et leur divulgation, ainsi que de r\u00e9voquer votre consentement, ce qui peut les rendre valides selon la proc\u00e9dure indiqu\u00e9e dans le document intitul\u00e9 \u00ab\u00a0Trouver\u00a0\u00bb \u00e0 la fin du pr\u00e9sent avis de confidentialit\u00e9.<\/p>\n\n<p>Droits de l&rsquo;ARCO (acc\u00e8s, rectification, annulation et opposition)<br\/>Vous avez le droit d&rsquo;acc\u00e9der \u00e0 vos donn\u00e9es personnelles dont nous disposons, ainsi que de les rectifier si elles sont inexactes ou incompl\u00e8tes, de les annuler lorsque vous estimez qu&rsquo;elles ne sont pas n\u00e9cessaires \u00e0 l&rsquo;une des fins indiqu\u00e9es dans le pr\u00e9sent avis de confidentialit\u00e9, de vous opposer au traitement, \u00e9tant entendu que vous pouvez les rendre valides selon la proc\u00e9dure indiqu\u00e9e dans le document figurant \u00e0 la fin du pr\u00e9sent avis de confidentialit\u00e9.<\/p>\n\n<p>Transfert de donn\u00e9es<br\/>Carlos Alberto Barraza L\u00f3pez peut transf\u00e9rer vos donn\u00e9es personnelles \u00e0 ses soci\u00e9t\u00e9s affili\u00e9es ou filiales qui sont identifi\u00e9es ou associ\u00e9es \u00e0 la marque \u00ab\u00a0BrandLiebe\u00a0\u00bb, ainsi qu&rsquo;\u00e0 des distributeurs autoris\u00e9s et\/ou \u00e0 des prestataires de services tiers avec lesquels il entretient une relation juridique, ainsi qu&rsquo;\u00e0 des tiers nationaux ou \u00e9trangers, et ce afin de se conformer \u00e0 l&rsquo;une des finalit\u00e9s susmentionn\u00e9es. Les tiers et les destinataires des donn\u00e9es \u00e0 caract\u00e8re personnel ont les m\u00eames obligations et\/ou responsabilit\u00e9s que Carlos Alberto Barraza L\u00f3pez, conform\u00e9ment aux dispositions de la pr\u00e9sente d\u00e9claration de confidentialit\u00e9.<\/p>\n\n<p>Si vous n&rsquo;exprimez pas votre refus que vos donn\u00e9es \u00e0 caract\u00e8re personnel soient transf\u00e9r\u00e9es, il sera entendu que vous avez donn\u00e9 votre consentement tacite et explicite \u00e0 cet effet. Je ne consens pas \u00e0 ce que mes donn\u00e9es personnelles soient transf\u00e9r\u00e9es.<\/p>\n\n<p>Protection<br\/>La s\u00e9curit\u00e9 et la confidentialit\u00e9 des donn\u00e9es que les utilisateurs fournissent lorsqu&rsquo;ils contractent un service ou ach\u00e8tent un produit en ligne seront prot\u00e9g\u00e9es par un serveur s\u00e9curis\u00e9 sous le protocole Secure Socket Layer (SSL), de telle sorte que les donn\u00e9es envoy\u00e9es seront transmises de mani\u00e8re crypt\u00e9e pour assurer votre s\u00e9curit\u00e9. Pour v\u00e9rifier que vous \u00eates dans un environnement prot\u00e9g\u00e9, assurez-vous que lorsque vous vous connectez, un S appara\u00eet dans la barre de navigation. Exemple : https : \/\/ Cependant, et bien que nous disposions d&rsquo;outils plus s\u00fbrs chaque jour, la protection des donn\u00e9es envoy\u00e9es sur l&rsquo;internet ne peut \u00eatre garantie \u00e0 100 %, de sorte qu&rsquo;une fois re\u00e7ues, tout sera fait pour sauvegarder les informations.<\/p>\n\n<p>Il est extr\u00eamement important que vos informations personnelles cl\u00e9s, telles que votre num\u00e9ro de carte de cr\u00e9dit et votre mot de passe, soient conserv\u00e9es dans un endroit s\u00fbr et ne soient communiqu\u00e9es \u00e0 personne. De m\u00eame, terminez toujours votre session et fermez le navigateur lorsque vous avez termin\u00e9 vos achats sur www.brandliebe.com, vous emp\u00eacherez ainsi des tiers d&rsquo;avoir acc\u00e8s \u00e0 vos informations personnelles et de passer des commandes en votre nom. Il s&rsquo;agit l\u00e0 d&rsquo;une priorit\u00e9, surtout si vous naviguez sur un ordinateur public.<\/p>\n\n<p>Utilisation des cookies<br\/>Les cookies sont des \u00e9l\u00e9ments d&rsquo;information qui sont stock\u00e9s sur le disque dur du visiteur d&rsquo;une page web par l&rsquo;interm\u00e9diaire de son navigateur. Ils sont utilis\u00e9s pour d\u00e9terminer les pr\u00e9f\u00e9rences des utilisateurs qui acc\u00e8dent au portail \u00e9lectronique (www.brandliebe.com), ainsi que pour suivre certains comportements ou activit\u00e9s. Les cookies permettent de reconna\u00eetre les utilisateurs, de d\u00e9tecter la largeur de bande qu&rsquo;ils ont s\u00e9lectionn\u00e9e, d&rsquo;identifier les informations les plus importantes, de calculer la taille de l&rsquo;audience et de mesurer certains param\u00e8tres du trafic.<\/p>\n\n<p>Il est possible que vous choisissiez de ne pas stocker un cookie sur votre ordinateur en configurant votre navigateur pour les supprimer, ou pour vous avertir lorsqu&rsquo;un cookie va \u00eatre d\u00e9pos\u00e9, ou pour les bloquer automatiquement.<\/p>\n\n<p>Se d\u00e9sabonner de la lettre d&rsquo;information \u00e9lectronique<br\/>Les utilisateurs inscrits \u00e0 la lettre d&rsquo;information \u00e9lectronique peuvent recevoir un maximum de 4 courriels par semaine. Les utilisateurs qui souhaitent ne plus recevoir notre lettre d&rsquo;information \u00e9lectronique peuvent cliquer sur le lien \u00ab\u00a0Se d\u00e9sabonner\u00a0\u00bb, qui est int\u00e9gr\u00e9 \u00e0 toutes les lettres d&rsquo;information \u00e9lectroniques envoy\u00e9es par brandliebe.com, afin de ne plus recevoir de messages \u00e0 l&rsquo;avenir.<\/p>\n\n<p>Acceptation et r\u00e9vocation du consentement<br\/>Si vous n&rsquo;exprimez pas votre opposition au traitement et\/ou au transfert de vos donn\u00e9es \u00e0 caract\u00e8re personnel conform\u00e9ment aux finalit\u00e9s \u00e9tablies, il sera entendu que vous avez donn\u00e9 votre consentement tacite \u00e0 cet effet. De m\u00eame, vous \u00eates inform\u00e9 que vous pouvez \u00e0 tout moment r\u00e9voquer le consentement accord\u00e9 dans le pr\u00e9sent avis, \u00e9tant entendu que vous devez suivre la proc\u00e9dure indiqu\u00e9e dans le document \u00e0 la fin du pr\u00e9sent avis de confidentialit\u00e9.<\/p>\n\n<p>Modifications de l&rsquo;avis de confidentialit\u00e9<br\/>Cet avis de confidentialit\u00e9 peut \u00eatre modifi\u00e9 \u00e0 tout moment par Carlos Alberto Barraza L\u00f3pez, et ces modifications seront notifi\u00e9es sur notre site web www.brandliebe.com.<\/p>\n\n<p>Coordonn\u00e9es du service client\u00e8le<br\/>T\u00e9l. (633) 1212137<\/p>\n\n<p>Email: carlos@barrazaenterprises.com<\/p>\n\n<p>Date de la derni\u00e8re mise \u00e0 jour 04\/06\/2024<\/p>\n\n<p>Autorit\u00e9Autorit\u00e9<br\/>Si l&rsquo;utilisateur estime que ses droits en mati\u00e8re de protection des donn\u00e9es \u00e0 caract\u00e8re personnel ont \u00e9t\u00e9 viol\u00e9s, il a le droit de s&rsquo;adresser \u00e0 l&rsquo;autorit\u00e9 correspondante pour d\u00e9fendre son exercice. L&rsquo;autorit\u00e9 est l&rsquo;Institut national de la transparence, de l&rsquo;acc\u00e8s \u00e0 l&rsquo;information et de la protection des donn\u00e9es personnelles (INAI), son site web est : www.inai.org.mx.<\/p>\n","protected":false},"excerpt":{"rendered":"<p>Conform\u00e9ment aux dispositions de la loi f\u00e9d\u00e9rale sur la protection des donn\u00e9es personnelles d\u00e9tenues par des parties priv\u00e9es, le pr\u00e9sent avis de confidentialit\u00e9 est mis \u00e0 disposition dans les termes suivants : Responsable de l&rsquo;utilisation et de la protection des donn\u00e9es personnelles :Il s&rsquo;agit de Carlos Alberto Barraza L\u00f3pez, dont l&rsquo;adresse est Calle 17 #1327, [&hellip;]<\/p>\n","protected":false},"author":1,"featured_media":1046,"parent":0,"menu_order":0,"comment_status":"closed","ping_status":"open","template":"","meta":{"footnotes":""},"class_list":["post-1045","page","type-page","status-publish","has-post-thumbnail","hentry"],"_links":{"self":[{"href":"https:\/\/brandliebe.com\/fr\/wp-json\/wp\/v2\/pages\/1045","targetHints":{"allow":["GET"]}}],"collection":[{"href":"https:\/\/brandliebe.com\/fr\/wp-json\/wp\/v2\/pages"}],"about":[{"href":"https:\/\/brandliebe.com\/fr\/wp-json\/wp\/v2\/types\/page"}],"author":[{"embeddable":true,"href":"https:\/\/brandliebe.com\/fr\/wp-json\/wp\/v2\/users\/1"}],"replies":[{"embeddable":true,"href":"https:\/\/brandliebe.com\/fr\/wp-json\/wp\/v2\/comments?post=1045"}],"version-history":[{"count":1,"href":"https:\/\/brandliebe.com\/fr\/wp-json\/wp\/v2\/pages\/1045\/revisions"}],"predecessor-version":[{"id":1047,"href":"https:\/\/brandliebe.com\/fr\/wp-json\/wp\/v2\/pages\/1045\/revisions\/1047"}],"wp:featuredmedia":[{"embeddable":true,"href":"https:\/\/brandliebe.com\/fr\/wp-json\/wp\/v2\/media\/1046"}],"wp:attachment":[{"href":"https:\/\/brandliebe.com\/fr\/wp-json\/wp\/v2\/media?parent=1045"}],"curies":[{"name":"wp","href":"https:\/\/api.w.org\/{rel}","templated":true}]}}