{"id":3772,"date":"2024-05-15T15:19:45","date_gmt":"2024-05-15T15:19:45","guid":{"rendered":"https:\/\/brandliebe.com\/politica-sulla-riservatezza-di-informazione\/"},"modified":"2024-10-09T15:07:39","modified_gmt":"2024-10-09T15:07:39","slug":"politica-sulla-riservatezza-di-informazione","status":"publish","type":"page","link":"https:\/\/brandliebe.com\/it\/politica-sulla-riservatezza-di-informazione\/","title":{"rendered":"Politica sulla riservatezza di Informazione"},"content":{"rendered":"\n<p>In conformit\u00e0 alle disposizioni della legge federale sulla protezione dei dati personali detenuti da privati, il presente AVVISO PRIVACY viene reso disponibile nei seguenti termini:<\/p>\n\n<p>Responsabile dell&#8217;utilizzo e della protezione dei dati personali:<br\/>\u00c8 Carlos Alberto Barraza L\u00f3pez con indirizzo in Calle 17 #1327, nel Centro Agua Prieta, Sonora, Codice Postale 84269. Il nostro Ufficio Dati Personali si trova all&#8217;indirizzo sopra descritto, che \u00e8 responsabile del trattamento delle richieste dei Titoli.<\/p>\n\n<p>Dati richiesti<br\/>I dati personali raccolti sono: Nome e Cognome, Data di Nascita, Sesso, Indirizzo, Numeri di telefono di contatto, Registro Federale dei Contribuenti, Indirizzo, Email, Informazioni sui metodi di pagamento (banche, carte di credito o di debito) che l&#8217;utente fornisce personalmente o con qualsiasi altro mezzo elettronico, ottico, sonoro, visivo o attraverso qualsiasi altra tecnologia.<\/p>\n\n<p>La raccolta dei dati effettuata da Carlos Alberto Barraza L\u00f3pez \u00e8 in buona fede e per questo motivo presuppone che essi siano veritieri, corretti, completi ed identificativi del titolare che li fornisce e\/o li fornisce, pertanto \u00e8 responsabilit\u00e0 del titolare che i dati che fornisce a Carlos Alberto Barraza L\u00f3pez siano conformi a tali caratteristiche e siano aggiornati secondo necessit\u00e0. Allo stesso modo, Carlos Alberto Barraza L\u00f3pez si riserva il diritto di esercitare le azioni che ritiene opportune in caso di falsificazione dei dati.<\/p>\n\n<p>Dati personali sensibili:<br\/>Carlos Alberto Barraza L\u00f3pez non raccoglie dati personali sensibili.<\/p>\n\n<p>Finalit\u00e0 del trattamento dei dati:<br\/>I dati personali che Carlos Alberto Barraza L\u00f3pez raccoglie sono necessari e utilizzati per adempiere al rapporto giuridico presente o futuro, ovvero per le seguenti finalit\u00e0:<\/p>\n\n<p>Fornire il bene o il servizio oggetto del contratto.<br\/>Monitoraggio del rapporto commerciale e, se del caso, di qualsiasi problema sorto in merito agli ordini e\/o alla consegna degli articoli.<br\/>Rispetto dei termini e delle condizioni stipulate al momento dell&#8217;acquisto e\/o della firma del contratto.\nAllo stesso modo, i tuoi dati personali potranno essere utilizzati per le finalit\u00e0 che ti indichiamo di seguito; ti ricordiamo che hai un periodo di 5 giorni per esprimere il tuo rifiuto al trattamento:<br\/>Far conoscere le nostre promozioni<br\/>Fornire informazioni relative ai vari articoli, prodotti che vendiamo<br\/>Soddisfare i requisiti legali delle autorit\u00e0 competenti. <br\/>Utilizzo, limitazione e divulgazione:<br\/>Tutti i dati personali sono trattati nel rispetto delle regole di riservatezza, fermo restando che tu, in qualit\u00e0 di titolare degli stessi, hai il diritto di limitarne l&#8217;utilizzo e la divulgazione, nonch\u00e9 di revocare il tuo consenso, che potr\u00e0 renderli validi secondo la procedura indicata nel documento che trovi in calce alla presente informativa sulla privacy.<\/p>\n\n<p>Diritti ARCO (Accesso, Rettifica, Cancellazione e Opposizione)<br\/>Hai il diritto di accedere ai tuoi dati personali in nostro possesso, nonch\u00e9 di rettificarli se inesatti o incompleti, cancellarli se ritieni che non siano necessari per nessuna delle finalit\u00e0 indicate nella presente informativa sulla privacy, opporti al trattamento, potendo renderli validi secondo la procedura indicata nel documento in calce alla presente informativa sulla privacy.<\/p>\n\n<p>Trasferimento dei dati<br\/>Carlos Alberto Barraza L\u00f3pez potr\u00e0 trasferire i tuoi dati personali alle sue societ\u00e0 affiliate o controllate che sono identificate o associate al marchio &#8220;BrandLiebe&#8221;, cos\u00ec come a distributori autorizzati e\/o fornitori di servizi terzi con i quali ha un rapporto legale, cos\u00ec come a Terzi Nazionali o Esteri, il tutto per ottemperare a una delle finalit\u00e0 sopra citate. I terzi e i destinatari dei dati personali hanno gli stessi obblighi e\/o responsabilit\u00e0 di Carlos Alberto Barraza L\u00f3pez in conformit\u00e0 con le disposizioni della presente informativa sulla privacy.<\/p>\n\n<p>Se non esprimete il vostro rifiuto al trasferimento dei vostri dati personali, si intende che avete dato il vostro tacito ed espresso consenso a farlo. Non acconsento al trasferimento dei miei dati personali.<\/p>\n\n<p>Protezione<br\/>La sicurezza e la riservatezza dei dati che gli utenti forniscono al momento della contrattazione di un servizio o dell&#8217;acquisto di un prodotto online saranno protetti da un server sicuro con protocollo Secure Socket Layer (SSL), in modo tale che i dati inviati saranno trasmessi in modo criptato per garantire la tua salvaguardia. Per verificare di essere in un ambiente protetto, assicurarsi che al momento del login appaia una S nella barra di navigazione. Esempio: https: \/\/ Tuttavia, e nonostante il fatto di disporre ogni giorno di strumenti pi\u00f9 sicuri, la protezione dei dati inviati via Internet non pu\u00f2 essere garantita al 100%, quindi una volta ricevuto tutto sar\u00e0 fatto per la salvaguardia delle informazioni.<\/p>\n\n<p>\u00c8 estremamente importante che le vostre informazioni personali chiave, come il numero della vostra carta di credito e la password, siano conservate in un luogo sicuro e non vengano condivise con nessuno. Allo stesso modo, termina sempre la tua sessione e chiudi il browser quando finisci i tuoi acquisti su www.brandliebe.com; in questo modo eviterai che terzi abbiano accesso a modificare i tuoi dati personali e a effettuare ordini a tuo nome. Questa \u00e8 una priorit\u00e0 soprattutto se si naviga su un computer pubblico.<\/p>\n\n<p>Utilizzo dei cookie<br\/>I cookie sono informazioni che vengono memorizzate sul disco rigido del visitatore di una pagina web attraverso il suo browser. Vengono utilizzati per determinare le preferenze degli utenti che accedono al portale elettronico (www.brandliebe.com), nonch\u00e9 per tracciare determinati comportamenti o attivit\u00e0.  I cookie consentono agli utenti di essere riconosciuti, di rilevare la larghezza di banda selezionata, di identificare le informazioni pi\u00f9 importanti, di calcolare la dimensione dell&#8217;audience e di misurare alcuni parametri del traffico.<\/p>\n\n<p>\u00c8 possibile che l&#8217;utente scelga di non voler memorizzare un cookie sul proprio computer impostando il browser in modo da cancellarlo, o di notificargli quando un cookie sta per essere depositato, o di bloccarlo automaticamente.<\/p>\n\n<p>Cancellazione dalla newsletter elettronica<br\/>Gli utenti registrati alla newsletter elettronica possono ricevere un massimo di 4 e-mail a settimana. Gli utenti che desiderano non ricevere pi\u00f9 la nostra newsletter elettronica possono cliccare sul link &#8220;Unsubscribe&#8221;, integrato in tutte le newsletter elettroniche inviate da brandliebe.com, per non ricevere pi\u00f9 messaggi in futuro. <\/p>\n\n<p>Accettazione e revoca del consenso<br\/>Se non esprimi la tua opposizione al trattamento e\/o al trasferimento dei tuoi dati personali in base alle finalit\u00e0 stabilite, si intender\u00e0 che hai dato il tuo tacito consenso a farlo. Allo stesso modo, vi informiamo che in qualsiasi momento potrete revocare il consenso accordato nella presente informativa, dovendo effettuare la procedura indicata nel documento in calce alla presente informativa.<\/p>\n\n<p>Modifiche all&#8217;informativa sulla privacy<br\/>La presente informativa sulla privacy pu\u00f2 essere modificata in qualsiasi momento da Carlos Alberto Barraza L\u00f3pez e tali modifiche saranno notificate attraverso il nostro sito web www.brandliebe.com.<\/p>\n\n<p>Informazioni di contatto sul servizio clienti<br\/>Tel.\n(633) 1212137 <\/p>\n\n<p>Email: carlos@barrazaenterprises.com<\/p>\n\n<p>Data dell&#8217;ultimo aggiornamento 04\/06\/2024<\/p>\n\n<p>Autorit\u00e0<br\/>Se l&#8217;utente ritiene che i suoi diritti in materia di protezione dei dati personali siano stati violati, ha il diritto di rivolgersi all&#8217;autorit\u00e0 competente per difenderne l&#8217;esercizio. L&#8217;autorit\u00e0 \u00e8 l&#8217;Istituto nazionale per la trasparenza, l&#8217;accesso alle informazioni e la protezione dei dati personali (INAI), il suo sito web \u00e8: www.inai.org.mx.<\/p>\n","protected":false},"excerpt":{"rendered":"<p>In conformit\u00e0 alle disposizioni della legge federale sulla protezione dei dati personali detenuti da privati, il presente AVVISO PRIVACY viene reso disponibile nei seguenti termini: Responsabile dell&#8217;utilizzo e della protezione dei dati personali:\u00c8 Carlos Alberto Barraza L\u00f3pez con indirizzo in Calle 17 #1327, nel Centro Agua Prieta, Sonora, Codice Postale 84269. Il nostro Ufficio Dati [&hellip;]<\/p>\n","protected":false},"author":1,"featured_media":3774,"parent":0,"menu_order":0,"comment_status":"closed","ping_status":"open","template":"","meta":{"footnotes":""},"class_list":["post-3772","page","type-page","status-publish","has-post-thumbnail","hentry"],"_links":{"self":[{"href":"https:\/\/brandliebe.com\/it\/wp-json\/wp\/v2\/pages\/3772","targetHints":{"allow":["GET"]}}],"collection":[{"href":"https:\/\/brandliebe.com\/it\/wp-json\/wp\/v2\/pages"}],"about":[{"href":"https:\/\/brandliebe.com\/it\/wp-json\/wp\/v2\/types\/page"}],"author":[{"embeddable":true,"href":"https:\/\/brandliebe.com\/it\/wp-json\/wp\/v2\/users\/1"}],"replies":[{"embeddable":true,"href":"https:\/\/brandliebe.com\/it\/wp-json\/wp\/v2\/comments?post=3772"}],"version-history":[{"count":1,"href":"https:\/\/brandliebe.com\/it\/wp-json\/wp\/v2\/pages\/3772\/revisions"}],"predecessor-version":[{"id":3777,"href":"https:\/\/brandliebe.com\/it\/wp-json\/wp\/v2\/pages\/3772\/revisions\/3777"}],"wp:featuredmedia":[{"embeddable":true,"href":"https:\/\/brandliebe.com\/it\/wp-json\/wp\/v2\/media\/3774"}],"wp:attachment":[{"href":"https:\/\/brandliebe.com\/it\/wp-json\/wp\/v2\/media?parent=3772"}],"curies":[{"name":"wp","href":"https:\/\/api.w.org\/{rel}","templated":true}]}}