{"id":3776,"date":"2024-05-15T15:19:45","date_gmt":"2024-05-15T15:19:45","guid":{"rendered":"https:\/\/brandliebe.com\/polityka-prywatnosci\/"},"modified":"2024-10-09T15:07:41","modified_gmt":"2024-10-09T15:07:41","slug":"polityka-prywatnosci","status":"publish","type":"page","link":"https:\/\/brandliebe.com\/pl\/polityka-prywatnosci\/","title":{"rendered":"Polityka prywatno\u015bci"},"content":{"rendered":"\n<p>Zgodnie z postanowieniami ustawy federalnej o ochronie danych osobowych przechowywanych przez podmioty prywatne, niniejsza INFORMACJA O PRYWATNO\u015aCI jest udost\u0119pniana w nast\u0119puj\u0105cych warunkach:<\/p>\n\n<p>Odpowiedzialny za wykorzystanie i ochron\u0119 danych osobowych:<br\/>Jest nim Carlos Alberto Barraza L\u00f3pez z adresem Calle 17 #1327, w Agua Prieta Center, Sonora, kod pocztowy 84269. Nasz Dzia\u0142 Danych Osobowych znajduje si\u0119 pod adresem opisanym powy\u017cej, kt\u00f3ry jest odpowiedzialny za rozpatrywanie wniosk\u00f3w Nag\u0142\u00f3wk\u00f3w.<\/p>\n\n<p>Wymagane dane<br\/>Gromadzone dane osobowe to: Imi\u0119 i nazwisko, data urodzenia, p\u0142e\u0107, adres, numery telefon\u00f3w kontaktowych, Federalny Rejestr Podatnik\u00f3w, adres, adres e-mail, informacje o metodach p\u0142atno\u015bci (bank, karty kredytowe lub debetowe), kt\u00f3re u\u017cytkownik podaje osobi\u015bcie lub za pomoc\u0105 innych \u015brodk\u00f3w elektronicznych, optycznych, d\u017awi\u0119kowych, wizualnych lub za po\u015brednictwem innej technologii.<\/p>\n\n<p>Zbieranie danych przez Carlos Alberto Barraza L\u00f3pez odbywa si\u0119 w dobrej wierze i z tego powodu zak\u0142ada, \u017ce s\u0105 one prawdziwe, poprawne, kompletne i identyfikuj\u0105 w\u0142a\u015bciciela, kt\u00f3ry je dostarcza i\/lub udost\u0119pnia, wi\u0119c to na w\u0142a\u015bcicielu spoczywa odpowiedzialno\u015b\u0107 za to, aby dane, kt\u00f3re dostarcza Carlos Alberto Barraza L\u00f3pez by\u0142y zgodne z tymi cechami i by\u0142y aktualizowane w miar\u0119 potrzeb. Podobnie, Carlos Alberto Barraza L\u00f3pez zastrzega sobie prawo do podj\u0119cia dzia\u0142a\u0144, kt\u00f3re uzna za stosowne w przypadku sfa\u0142szowania danych.<\/p>\n\n<p>Wra\u017cliwe dane osobowe:<br\/>Carlos Alberto Barraza L\u00f3pez nie gromadzi wra\u017cliwych danych osobowych.<\/p>\n\n<p>Cele przetwarzania danych:<br\/>Dane osobowe gromadzone przez Carlos Alberto Barraza L\u00f3pez s\u0105 niezb\u0119dne i wykorzystywane w celu zapewnienia zgodno\u015bci z obecnym lub przysz\u0142ym stosunkiem prawnym, w nast\u0119puj\u0105cych celach:<\/p>\n\n<p>Dostarczenie zakontraktowanego towaru lub us\u0142ugi.<br\/>Monitorowanie relacji biznesowych i, w stosownych przypadkach, wszelkich problem\u00f3w, kt\u00f3re pojawi\u0142y si\u0119 w zwi\u0105zku z zam\u00f3wieniami i \/ lub dostaw\u0105 produkt\u00f3w.<br\/>Zgodno\u015b\u0107 z warunkami okre\u015blonymi w momencie zakupu i \/ lub podpisania umowy.\nPodobnie, Twoje dane osobowe mog\u0105 by\u0107 wykorzystywane do cel\u00f3w okre\u015blonych poni\u017cej, nale\u017cy zauwa\u017cy\u0107, \u017ce masz okres 5 dni, aby wyrazi\u0107 odmow\u0119 ich traktowania:<br\/>Spraw, aby nasze promocje by\u0142y znane<br\/>Dostarczanie informacji dotycz\u0105cych r\u00f3\u017cnych artyku\u0142\u00f3w, produkt\u00f3w, kt\u00f3re sprzedajemy<br\/>Spe\u0142niaj\u0105 wymogi prawne w\u0142a\u015bciwych organ\u00f3w. <br\/>Wykorzystanie, ograniczenie i ujawnienie:<br\/>Wszystkie dane osobowe s\u0105 traktowane z zachowaniem zasad poufno\u015bci, a u\u017cytkownik, jako ich w\u0142a\u015bciciel, ma prawo do ograniczenia ich wykorzystania i ujawnienia, a tak\u017ce do cofni\u0119cia zgody, co mo\u017ce uczyni\u0107 je wa\u017cnymi zgodnie z procedur\u0105 wskazan\u0105 w dokumencie znajduj\u0105cym si\u0119 na ko\u0144cu niniejszej informacji o ochronie prywatno\u015bci.<\/p>\n\n<p>Prawa ARCO (dost\u0119p, sprostowanie, anulowanie i sprzeciw)<br\/>U\u017cytkownik ma prawo dost\u0119pu do swoich danych osobowych, kt\u00f3re posiadamy, a tak\u017ce do ich sprostowania, je\u015bli s\u0105 niedok\u0142adne lub niekompletne, anulowania ich, gdy uzna, \u017ce nie s\u0105 one wymagane do \u017cadnego z cel\u00f3w wskazanych w niniejszej informacji o ochronie prywatno\u015bci, sprzeciwu wobec przetwarzania, przy czym mo\u017ce je uprawomocni\u0107 zgodnie z procedur\u0105 wskazan\u0105 w dokumencie na ko\u0144cu niniejszej informacji o ochronie prywatno\u015bci.<\/p>\n\n<p>Przekazywanie danych<br\/>Carlos Alberto Barraza L\u00f3pez mo\u017ce przekazywa\u0107 dane osobowe u\u017cytkownika swoim podmiotom stowarzyszonym lub zale\u017cnym, kt\u00f3re s\u0105 identyfikowane lub powi\u0105zane z mark\u0105 &#8222;BrandLiebe&#8221;, a tak\u017ce autoryzowanym dystrybutorom i \/ lub zewn\u0119trznym dostawcom us\u0142ug, z kt\u00f3rymi pozostaje w stosunku prawnym, a tak\u017ce krajowym lub zagranicznym stronom trzecim, przy czym powy\u017csze ma na celu realizacj\u0119 kt\u00f3regokolwiek z wy\u017cej wymienionych cel\u00f3w. Osoby trzecie i odbiorcy danych osobowych maj\u0105 takie same obowi\u0105zki i\/lub odpowiedzialno\u015b\u0107 jak Carlos Alberto Barraza L\u00f3pez, zgodnie z postanowieniami niniejszej informacji o ochronie prywatno\u015bci.<\/p>\n\n<p>Je\u017celi nie wyra\u017c\u0105 Pa\u0144stwo odmowy przekazania swoich danych osobowych, uznaje si\u0119, \u017ce udzielili Pa\u0144stwo na to milcz\u0105cej i wyra\u017anej zgody. Nie wyra\u017cam zgody na przekazanie moich danych osobowych.<\/p>\n\n<p>Ochrona<br\/>Bezpiecze\u0144stwo i poufno\u015b\u0107 danych, kt\u00f3re u\u017cytkownicy podaj\u0105 podczas zamawiania us\u0142ugi lub zakupu produktu online, b\u0119d\u0105 chronione przez bezpieczny serwer w ramach protoko\u0142u Secure Socket Layer (SSL), w taki spos\u00f3b, \u017ce przesy\u0142ane dane b\u0119d\u0105 szyfrowane w celu zapewnienia bezpiecze\u0144stwa. Aby sprawdzi\u0107, czy znajdujesz si\u0119 w \u015brodowisku chronionym, upewnij si\u0119, \u017ce po zalogowaniu na pasku nawigacyjnym pojawia si\u0119 litera S. Przyk\u0142ad: https: \/\/ Jednak\u017ce, pomimo posiadania coraz bezpieczniejszych narz\u0119dzi ka\u017cdego dnia, ochrona danych przesy\u0142anych przez Internet nie mo\u017ce by\u0107 zagwarantowana w 100 procentach, wi\u0119c po otrzymaniu informacji wszystko zostanie zrobione w celu jej zabezpieczenia.<\/p>\n\n<p>Niezwykle wa\u017cne jest, aby kluczowe dane osobowe, takie jak numer karty kredytowej i has\u0142o, by\u0142y przechowywane w bezpiecznym miejscu i nikomu nie by\u0142y udost\u0119pniane. Podobnie, zawsze ko\u0144cz sesj\u0119 i zamykaj przegl\u0105dark\u0119 po zako\u0144czeniu zakup\u00f3w na stronie www.brandliebe.com, w ten spos\u00f3b uniemo\u017cliwisz osobom trzecim dost\u0119p do wprowadzania zmian w Twoich danych osobowych i sk\u0142adania zam\u00f3wie\u0144 pod Twoim imieniem i nazwiskiem. Jest to szczeg\u00f3lnie wa\u017cne, je\u015bli przegl\u0105dasz strony na publicznym komputerze.<\/p>\n\n<p>Korzystanie z plik\u00f3w cookie<br\/>Pliki cookie to fragmenty informacji, kt\u00f3re s\u0105 przechowywane na dysku twardym osoby odwiedzaj\u0105cej stron\u0119 internetow\u0105 za po\u015brednictwem przegl\u0105darki. S\u0142u\u017c\u0105 one do okre\u015blania preferencji u\u017cytkownik\u00f3w, kt\u00f3rzy uzyskuj\u0105 dost\u0119p do portalu elektronicznego (www.brandliebe.com), a tak\u017ce do \u015bledzenia okre\u015blonych zachowa\u0144 lub dzia\u0142a\u0144.  Pliki cookie umo\u017cliwiaj\u0105 rozpoznanie u\u017cytkownik\u00f3w, wykrycie wybranego przez nich pasma, okre\u015blenie najwa\u017cniejszych informacji, obliczenie wielko\u015bci widowni i zmierzenie niekt\u00f3rych parametr\u00f3w ruchu.<\/p>\n\n<p>Mo\u017cliwe jest, \u017ce u\u017cytkownik zdecyduje, \u017ce nie chce przechowywa\u0107 plik\u00f3w cookie na swoim komputerze, ustawiaj\u0105c swoj\u0105 przegl\u0105dark\u0119 tak, aby je usuwa\u0142a, powiadamia\u0142a u\u017cytkownika, gdy plik cookie ma zosta\u0107 umieszczony lub blokowa\u0142a je automatycznie.<\/p>\n\n<p>Rezygnacja z subskrypcji elektronicznego biuletynu<br\/>U\u017cytkownicy zarejestrowani w elektronicznym biuletynie mog\u0105 otrzymywa\u0107 maksymalnie 4 wiadomo\u015bci e-mail tygodniowo. U\u017cytkownicy, kt\u00f3rzy chc\u0105 zaprzesta\u0107 otrzymywania naszego elektronicznego biuletynu, mog\u0105 klikn\u0105\u0107 \u0142\u0105cze &#8222;Anuluj subskrypcj\u0119&#8221;, kt\u00f3re jest zintegrowane ze wszystkimi elektronicznymi biuletynami wysy\u0142anymi przez brandliebe.com, aby nie otrzymywa\u0107 przysz\u0142ych wiadomo\u015bci. <\/p>\n\n<p>Akceptacja i cofni\u0119cie zgody<br\/>Je\u015bli u\u017cytkownik nie wyrazi sprzeciwu wobec przetwarzania i\/lub przekazywania jego danych osobowych zgodnie z ustalonymi celami, uznaje si\u0119, \u017ce wyrazi\u0142 na to milcz\u0105c\u0105 zgod\u0119. Informujemy r\u00f3wnie\u017c, \u017ce w ka\u017cdej chwili mog\u0105 Pa\u0144stwo odwo\u0142a\u0107 zgod\u0119 udzielon\u0105 w niniejszej informacji, w tym celu nale\u017cy przeprowadzi\u0107 procedur\u0119 wskazan\u0105 w dokumencie znajduj\u0105cym si\u0119 na ko\u0144cu niniejszej informacji o prywatno\u015bci.<\/p>\n\n<p>Zmiany w Informacji o ochronie prywatno\u015bci<br\/>Niniejsza Informacja o ochronie prywatno\u015bci mo\u017ce zosta\u0107 zmieniona w dowolnym momencie przez Carlosa Alberto Barraz\u0119 L\u00f3peza, a wspomniane zmiany zostan\u0105 podane do wiadomo\u015bci za po\u015brednictwem naszej strony internetowej www.brandliebe.com.<\/p>\n\n<p>Informacje kontaktowe dzia\u0142u obs\u0142ugi klienta<br\/>Tel.\n(633) 1212137 <\/p>\n\n<p>Email: carlos@barrazaenterprises.com<\/p>\n\n<p>Data ostatniej aktualizacji 04\/06\/2024<\/p>\n\n<p>Organ<br\/>Je\u015bli u\u017cytkownik uwa\u017ca, \u017ce jego prawa dotycz\u0105ce ochrony danych osobowych zosta\u0142y naruszone, ma prawo zwr\u00f3ci\u0107 si\u0119 do odpowiedniego organu w celu obrony swoich praw. Organem tym jest Narodowy Instytut Przejrzysto\u015bci, Dost\u0119pu do Informacji i Ochrony Danych Osobowych (INAI), jego strona internetowa to: www.inai.org.mx.<\/p>\n","protected":false},"excerpt":{"rendered":"<p>Zgodnie z postanowieniami ustawy federalnej o ochronie danych osobowych przechowywanych przez podmioty prywatne, niniejsza INFORMACJA O PRYWATNO\u015aCI jest udost\u0119pniana w nast\u0119puj\u0105cych warunkach: Odpowiedzialny za wykorzystanie i ochron\u0119 danych osobowych:Jest nim Carlos Alberto Barraza L\u00f3pez z adresem Calle 17 #1327, w Agua Prieta Center, Sonora, kod pocztowy 84269. Nasz Dzia\u0142 Danych Osobowych znajduje si\u0119 pod adresem [&hellip;]<\/p>\n","protected":false},"author":1,"featured_media":3778,"parent":0,"menu_order":0,"comment_status":"closed","ping_status":"open","template":"","meta":{"footnotes":""},"class_list":["post-3776","page","type-page","status-publish","has-post-thumbnail","hentry"],"_links":{"self":[{"href":"https:\/\/brandliebe.com\/pl\/wp-json\/wp\/v2\/pages\/3776","targetHints":{"allow":["GET"]}}],"collection":[{"href":"https:\/\/brandliebe.com\/pl\/wp-json\/wp\/v2\/pages"}],"about":[{"href":"https:\/\/brandliebe.com\/pl\/wp-json\/wp\/v2\/types\/page"}],"author":[{"embeddable":true,"href":"https:\/\/brandliebe.com\/pl\/wp-json\/wp\/v2\/users\/1"}],"replies":[{"embeddable":true,"href":"https:\/\/brandliebe.com\/pl\/wp-json\/wp\/v2\/comments?post=3776"}],"version-history":[{"count":1,"href":"https:\/\/brandliebe.com\/pl\/wp-json\/wp\/v2\/pages\/3776\/revisions"}],"predecessor-version":[{"id":3779,"href":"https:\/\/brandliebe.com\/pl\/wp-json\/wp\/v2\/pages\/3776\/revisions\/3779"}],"wp:featuredmedia":[{"embeddable":true,"href":"https:\/\/brandliebe.com\/pl\/wp-json\/wp\/v2\/media\/3778"}],"wp:attachment":[{"href":"https:\/\/brandliebe.com\/pl\/wp-json\/wp\/v2\/media?parent=3776"}],"curies":[{"name":"wp","href":"https:\/\/api.w.org\/{rel}","templated":true}]}}